{"id":13,"date":"2025-01-31T15:37:15","date_gmt":"2025-01-31T14:37:15","guid":{"rendered":"https:\/\/www.potuga.com\/comercial\/?page_id=13"},"modified":"2025-03-21T10:46:53","modified_gmt":"2025-03-21T15:46:53","slug":"inicio","status":"publish","type":"page","link":"https:\/\/www.potuga.com\/comercial\/","title":{"rendered":"Inicio"},"content":{"rendered":"<\/div><\/div><\/div><!-- close content main div --><\/div><\/div><div id='av_section_1' class='avia-section main_color avia-section-no-padding avia-no-shadow avia-bg-style-scroll  container_wrap sidebar_right'   ><div class='container' ><div class='template-page content  av-content-small alpha units'><div class='post-entry post-entry-type-page post-entry-13'><div class='entry-content-wrapper clearfix'>\n<section class=\"av_textblock_section\"  itemscope=\"itemscope\" itemtype=\"https:\/\/schema.org\/CreativeWork\" ><div class='avia_textblock '   itemprop=\"text\" >\n<\/div><\/section>\n<\/div><\/div><\/div><!-- close content main div --><\/div><\/div><div id='after_section_1' class='main_color av_default_container_wrap container_wrap sidebar_right'   ><div class='container' ><div class='template-page content  av-content-small alpha units'><div class='post-entry post-entry-type-page post-entry-13'><div class='entry-content-wrapper clearfix'>\n<\/div><\/div><\/div><!-- close content main div --><\/div><\/div><div id='av_section_2' class='avia-section main_color avia-section-default avia-no-shadow avia-bg-style-scroll  container_wrap sidebar_right'   ><div class='container' ><div class='template-page content  av-content-small alpha units'><div class='post-entry post-entry-type-page post-entry-13'><div class='entry-content-wrapper clearfix'>\n<div class=\"flex_column av_one_third  flex_column_div av-zero-column-padding first  \" style='border-radius:0px; '><p><div class='avia-image-container  av-styling-   avia-align-center '  itemscope=\"itemscope\" itemtype=\"https:\/\/schema.org\/ImageObject\"  ><div class='avia-image-container-inner'><a href='\/comercial\/nosotros\/' class='avia_image'  ><img class='avia_image ' src='https:\/\/www.potuga.com\/comercial\/wp-content\/uploads\/2025\/02\/nosotros-67c1cfe50dece.webp' alt='Insumos Agr\u00edcolas, Campos de Golf y Snacks en Panam\u00e1' title='Productos de Consumo e Insumos Agr\u00edcolas en Panam\u00e1'  itemprop=\"thumbnailUrl\"  \/><\/a><\/div><\/div><br \/>\n<section class=\"av_textblock_section\"  itemscope=\"itemscope\" itemtype=\"https:\/\/schema.org\/CreativeWork\" ><div class='avia_textblock '   itemprop=\"text\" ><p style=\"text-align: center;\">Descubra m\u00e1s sobre nuestra historia.<\/p>\n<\/div><\/section><br \/>\n<div class='avia-button-wrap avia-button-center '><a href='\/comercial\/nosotros\/' class='avia-button  avia-icon_select-yes-left-icon avia-color-theme-color avia-size-medium avia-position-center '   ><span class='avia_button_icon avia_button_icon_left ' aria-hidden='true' data-av_icon='\ue812' data-av_iconfont='entypo-fontello'><\/span><span class='avia_iconbox_title' >Conozca m\u00e1s<\/span><\/a><\/div><\/p><\/div><div class=\"flex_column av_one_third  flex_column_div av-zero-column-padding   \" style='border-radius:0px; '><p><div class='avia-image-container  av-styling-   avia-align-center '  itemscope=\"itemscope\" itemtype=\"https:\/\/schema.org\/ImageObject\"  ><div class='avia-image-container-inner'><a href='\/comercial\/productos\/' class='avia_image'  ><img class='avia_image ' src='https:\/\/www.potuga.com\/comercial\/wp-content\/uploads\/2025\/02\/productos-67a6233eddf92.webp' alt='Productos' title='Productos'  itemprop=\"thumbnailUrl\"  \/><\/a><\/div><\/div><br \/>\n<section class=\"av_textblock_section\"  itemscope=\"itemscope\" itemtype=\"https:\/\/schema.org\/CreativeWork\" ><div class='avia_textblock '   itemprop=\"text\" ><p style=\"text-align: center;\">Productos para mantenimiento de canchas de golf, sustratos, bolsas para caf\u00e9 y consumo.<\/p>\n<\/div><\/section><br \/>\n<div class='avia-button-wrap avia-button-center '><a href='\/comercial\/productos\/' class='avia-button  avia-icon_select-yes-left-icon avia-color-theme-color avia-size-medium avia-position-center '   ><span class='avia_button_icon avia_button_icon_left ' aria-hidden='true' data-av_icon='\ue859' data-av_iconfont='entypo-fontello'><\/span><span class='avia_iconbox_title' >Todos los productos<\/span><\/a><\/div><\/p><\/div><div class=\"flex_column av_one_third  flex_column_div av-zero-column-padding   \" style='border-radius:0px; '><p><div class='avia-image-container  av-styling-   avia-align-center '  itemscope=\"itemscope\" itemtype=\"https:\/\/schema.org\/ImageObject\"  ><div class='avia-image-container-inner'><a href='\/comercial\/contacto\/' class='avia_image'  ><img class='avia_image ' src='https:\/\/www.potuga.com\/comercial\/wp-content\/uploads\/2025\/02\/contacto-67a62340f259e.webp' alt='Contacto a Empresas Importadoras de Productos en Panam\u00e1' title='Contacto a Empresas Importadoras de Productos en Panam\u00e1'  itemprop=\"thumbnailUrl\"  \/><\/a><\/div><\/div><br \/>\n<section class=\"av_textblock_section\"  itemscope=\"itemscope\" itemtype=\"https:\/\/schema.org\/CreativeWork\" ><div class='avia_textblock '   itemprop=\"text\" ><p style=\"text-align: center;\">Comun\u00edquese con nosotros o env\u00edenos un mensaje.<\/p>\n<\/div><\/section><br \/>\n<div class='avia-button-wrap avia-button-center '><a href='\/comercial\/contacto\/' class='avia-button  avia-icon_select-yes-left-icon avia-color-theme-color avia-size-medium avia-position-center '   ><span class='avia_button_icon avia_button_icon_left ' aria-hidden='true' data-av_icon='\ue854' data-av_iconfont='entypo-fontello'><\/span><span class='avia_iconbox_title' >Cont\u00e1ctenos<\/span><\/a><\/div><\/p><\/div><\/div><\/div><\/div><!-- close content main div --><\/div><\/div><div id='after_section_2' class='main_color av_default_container_wrap container_wrap sidebar_right'   ><div class='container' ><div class='template-page content  av-content-small alpha units'><div class='post-entry post-entry-type-page post-entry-13'><div class='entry-content-wrapper clearfix'>\n","protected":false},"excerpt":{"rendered":"","protected":false},"author":1,"featured_media":496,"parent":0,"menu_order":0,"comment_status":"closed","ping_status":"closed","template":"","meta":{"footnotes":""},"class_list":["post-13","page","type-page","status-publish","has-post-thumbnail","hentry"],"yoast_head":"<!-- This site is optimized with the Yoast SEO plugin v27.1.1 - https:\/\/yoast.com\/product\/yoast-seo-wordpress\/ -->\n<title>Productos de Consumo e Insumos Agr\u00edcolas en Panam\u00e1<\/title>\n<meta name=\"description\" content=\"Somos Potuga Comercial. Nos especializamos en la importaci\u00f3n y distribuci\u00f3n productos de consumo e insumos agr\u00edcolas.\" \/>\n<meta name=\"robots\" content=\"index, follow, max-snippet:-1, max-image-preview:large, max-video-preview:-1\" \/>\n<link rel=\"canonical\" href=\"https:\/\/www.potuga.com\/comercial\/inicio\/\" \/>\n<meta property=\"og:locale\" content=\"es_ES\" \/>\n<meta property=\"og:type\" content=\"article\" \/>\n<meta property=\"og:title\" content=\"Productos de Consumo e Insumos Agr\u00edcolas en Panam\u00e1\" \/>\n<meta property=\"og:description\" content=\"Somos Potuga Comercial. Nos especializamos en la importaci\u00f3n y distribuci\u00f3n productos de consumo e insumos agr\u00edcolas.\" \/>\n<meta property=\"og:url\" content=\"https:\/\/www.potuga.com\/comercial\/inicio\/\" \/>\n<meta property=\"og:site_name\" content=\"Potuga Comercial\" \/>\n<meta property=\"article:modified_time\" content=\"2025-03-21T15:46:53+00:00\" \/>\n<meta property=\"og:image\" content=\"https:\/\/www.potuga.com\/comercial\/wp-content\/uploads\/2025\/03\/somos-potuga-comercial-67d854fa62261.webp\" \/>\n\t<meta property=\"og:image:width\" content=\"1920\" \/>\n\t<meta property=\"og:image:height\" content=\"800\" \/>\n\t<meta property=\"og:image:type\" content=\"image\/webp\" \/>\n<meta name=\"twitter:card\" content=\"summary_large_image\" \/>\n<meta name=\"twitter:label1\" content=\"Tiempo de lectura\" \/>\n\t<meta name=\"twitter:data1\" content=\"2 minutos\" \/>\n<script type=\"application\/ld+json\" class=\"yoast-schema-graph\">{\"@context\":\"https:\/\/schema.org\",\"@graph\":[{\"@type\":\"WebPage\",\"@id\":\"https:\/\/www.potuga.com\/comercial\/inicio\/\",\"url\":\"https:\/\/www.potuga.com\/comercial\/inicio\/\",\"name\":\"Productos de Consumo e Insumos Agr\u00edcolas en Panam\u00e1\",\"isPartOf\":{\"@id\":\"https:\/\/www.potuga.com\/comercial\/#website\"},\"primaryImageOfPage\":{\"@id\":\"https:\/\/www.potuga.com\/comercial\/inicio\/#primaryimage\"},\"image\":{\"@id\":\"https:\/\/www.potuga.com\/comercial\/inicio\/#primaryimage\"},\"thumbnailUrl\":\"https:\/\/www.potuga.com\/comercial\/wp-content\/uploads\/2025\/03\/somos-potuga-comercial-67d854fa62261.webp\",\"datePublished\":\"2025-01-31T14:37:15+00:00\",\"dateModified\":\"2025-03-21T15:46:53+00:00\",\"description\":\"Somos Potuga Comercial. Nos especializamos en la importaci\u00f3n y distribuci\u00f3n productos de consumo e insumos agr\u00edcolas.\",\"breadcrumb\":{\"@id\":\"https:\/\/www.potuga.com\/comercial\/inicio\/#breadcrumb\"},\"inLanguage\":\"es\",\"potentialAction\":[{\"@type\":\"ReadAction\",\"target\":[\"https:\/\/www.potuga.com\/comercial\/inicio\/\"]}]},{\"@type\":\"ImageObject\",\"inLanguage\":\"es\",\"@id\":\"https:\/\/www.potuga.com\/comercial\/inicio\/#primaryimage\",\"url\":\"https:\/\/www.potuga.com\/comercial\/wp-content\/uploads\/2025\/03\/somos-potuga-comercial-67d854fa62261.webp\",\"contentUrl\":\"https:\/\/www.potuga.com\/comercial\/wp-content\/uploads\/2025\/03\/somos-potuga-comercial-67d854fa62261.webp\",\"width\":1920,\"height\":800,\"caption\":\"Productos de Consumo e Insumos Agr\u00edcolas en Panam\u00e1\"},{\"@type\":\"BreadcrumbList\",\"@id\":\"https:\/\/www.potuga.com\/comercial\/inicio\/#breadcrumb\",\"itemListElement\":[{\"@type\":\"ListItem\",\"position\":1,\"name\":\"Portada\",\"item\":\"https:\/\/www.potuga.com\/comercial\/inicio\/\"},{\"@type\":\"ListItem\",\"position\":2,\"name\":\"Inicio\"}]},{\"@type\":\"WebSite\",\"@id\":\"https:\/\/www.potuga.com\/comercial\/#website\",\"url\":\"https:\/\/www.potuga.com\/comercial\/\",\"name\":\"Potuga Comercial\",\"description\":\"\",\"publisher\":{\"@id\":\"https:\/\/www.potuga.com\/comercial\/#organization\"},\"potentialAction\":[{\"@type\":\"SearchAction\",\"target\":{\"@type\":\"EntryPoint\",\"urlTemplate\":\"https:\/\/www.potuga.com\/comercial\/?s={search_term_string}\"},\"query-input\":{\"@type\":\"PropertyValueSpecification\",\"valueRequired\":true,\"valueName\":\"search_term_string\"}}],\"inLanguage\":\"es\"},{\"@type\":\"Organization\",\"@id\":\"https:\/\/www.potuga.com\/comercial\/#organization\",\"name\":\"Potuga Comercial\",\"url\":\"https:\/\/www.potuga.com\/comercial\/\",\"logo\":{\"@type\":\"ImageObject\",\"inLanguage\":\"es\",\"@id\":\"https:\/\/www.potuga.com\/comercial\/#\/schema\/logo\/image\/\",\"url\":\"https:\/\/www.potuga.com\/comercial\/wp-content\/uploads\/2025\/01\/potuga-comercial-679ce61f38066.webp\",\"contentUrl\":\"https:\/\/www.potuga.com\/comercial\/wp-content\/uploads\/2025\/01\/potuga-comercial-679ce61f38066.webp\",\"width\":1118,\"height\":294,\"caption\":\"Potuga Comercial\"},\"image\":{\"@id\":\"https:\/\/www.potuga.com\/comercial\/#\/schema\/logo\/image\/\"}}]}<\/script>\n<!-- \/ Yoast SEO plugin. -->","yoast_head_json":{"title":"Productos de Consumo e Insumos Agr\u00edcolas en Panam\u00e1","description":"Somos Potuga Comercial. Nos especializamos en la importaci\u00f3n y distribuci\u00f3n productos de consumo e insumos agr\u00edcolas.","robots":{"index":"index","follow":"follow","max-snippet":"max-snippet:-1","max-image-preview":"max-image-preview:large","max-video-preview":"max-video-preview:-1"},"canonical":"https:\/\/www.potuga.com\/comercial\/inicio\/","og_locale":"es_ES","og_type":"article","og_title":"Productos de Consumo e Insumos Agr\u00edcolas en Panam\u00e1","og_description":"Somos Potuga Comercial. Nos especializamos en la importaci\u00f3n y distribuci\u00f3n productos de consumo e insumos agr\u00edcolas.","og_url":"https:\/\/www.potuga.com\/comercial\/inicio\/","og_site_name":"Potuga Comercial","article_modified_time":"2025-03-21T15:46:53+00:00","og_image":[{"width":1920,"height":800,"url":"https:\/\/www.potuga.com\/comercial\/wp-content\/uploads\/2025\/03\/somos-potuga-comercial-67d854fa62261.webp","type":"image\/webp"}],"twitter_card":"summary_large_image","twitter_misc":{"Tiempo de lectura":"2 minutos"},"schema":{"@context":"https:\/\/schema.org","@graph":[{"@type":"WebPage","@id":"https:\/\/www.potuga.com\/comercial\/inicio\/","url":"https:\/\/www.potuga.com\/comercial\/inicio\/","name":"Productos de Consumo e Insumos Agr\u00edcolas en Panam\u00e1","isPartOf":{"@id":"https:\/\/www.potuga.com\/comercial\/#website"},"primaryImageOfPage":{"@id":"https:\/\/www.potuga.com\/comercial\/inicio\/#primaryimage"},"image":{"@id":"https:\/\/www.potuga.com\/comercial\/inicio\/#primaryimage"},"thumbnailUrl":"https:\/\/www.potuga.com\/comercial\/wp-content\/uploads\/2025\/03\/somos-potuga-comercial-67d854fa62261.webp","datePublished":"2025-01-31T14:37:15+00:00","dateModified":"2025-03-21T15:46:53+00:00","description":"Somos Potuga Comercial. Nos especializamos en la importaci\u00f3n y distribuci\u00f3n productos de consumo e insumos agr\u00edcolas.","breadcrumb":{"@id":"https:\/\/www.potuga.com\/comercial\/inicio\/#breadcrumb"},"inLanguage":"es","potentialAction":[{"@type":"ReadAction","target":["https:\/\/www.potuga.com\/comercial\/inicio\/"]}]},{"@type":"ImageObject","inLanguage":"es","@id":"https:\/\/www.potuga.com\/comercial\/inicio\/#primaryimage","url":"https:\/\/www.potuga.com\/comercial\/wp-content\/uploads\/2025\/03\/somos-potuga-comercial-67d854fa62261.webp","contentUrl":"https:\/\/www.potuga.com\/comercial\/wp-content\/uploads\/2025\/03\/somos-potuga-comercial-67d854fa62261.webp","width":1920,"height":800,"caption":"Productos de Consumo e Insumos Agr\u00edcolas en Panam\u00e1"},{"@type":"BreadcrumbList","@id":"https:\/\/www.potuga.com\/comercial\/inicio\/#breadcrumb","itemListElement":[{"@type":"ListItem","position":1,"name":"Portada","item":"https:\/\/www.potuga.com\/comercial\/inicio\/"},{"@type":"ListItem","position":2,"name":"Inicio"}]},{"@type":"WebSite","@id":"https:\/\/www.potuga.com\/comercial\/#website","url":"https:\/\/www.potuga.com\/comercial\/","name":"Potuga Comercial","description":"","publisher":{"@id":"https:\/\/www.potuga.com\/comercial\/#organization"},"potentialAction":[{"@type":"SearchAction","target":{"@type":"EntryPoint","urlTemplate":"https:\/\/www.potuga.com\/comercial\/?s={search_term_string}"},"query-input":{"@type":"PropertyValueSpecification","valueRequired":true,"valueName":"search_term_string"}}],"inLanguage":"es"},{"@type":"Organization","@id":"https:\/\/www.potuga.com\/comercial\/#organization","name":"Potuga Comercial","url":"https:\/\/www.potuga.com\/comercial\/","logo":{"@type":"ImageObject","inLanguage":"es","@id":"https:\/\/www.potuga.com\/comercial\/#\/schema\/logo\/image\/","url":"https:\/\/www.potuga.com\/comercial\/wp-content\/uploads\/2025\/01\/potuga-comercial-679ce61f38066.webp","contentUrl":"https:\/\/www.potuga.com\/comercial\/wp-content\/uploads\/2025\/01\/potuga-comercial-679ce61f38066.webp","width":1118,"height":294,"caption":"Potuga Comercial"},"image":{"@id":"https:\/\/www.potuga.com\/comercial\/#\/schema\/logo\/image\/"}}]}},"_links":{"self":[{"href":"https:\/\/www.potuga.com\/comercial\/wp-json\/wp\/v2\/pages\/13","targetHints":{"allow":["GET"]}}],"collection":[{"href":"https:\/\/www.potuga.com\/comercial\/wp-json\/wp\/v2\/pages"}],"about":[{"href":"https:\/\/www.potuga.com\/comercial\/wp-json\/wp\/v2\/types\/page"}],"author":[{"embeddable":true,"href":"https:\/\/www.potuga.com\/comercial\/wp-json\/wp\/v2\/users\/1"}],"replies":[{"embeddable":true,"href":"https:\/\/www.potuga.com\/comercial\/wp-json\/wp\/v2\/comments?post=13"}],"version-history":[{"count":15,"href":"https:\/\/www.potuga.com\/comercial\/wp-json\/wp\/v2\/pages\/13\/revisions"}],"predecessor-version":[{"id":524,"href":"https:\/\/www.potuga.com\/comercial\/wp-json\/wp\/v2\/pages\/13\/revisions\/524"}],"wp:featuredmedia":[{"embeddable":true,"href":"https:\/\/www.potuga.com\/comercial\/wp-json\/wp\/v2\/media\/496"}],"wp:attachment":[{"href":"https:\/\/www.potuga.com\/comercial\/wp-json\/wp\/v2\/media?parent=13"}],"curies":[{"name":"wp","href":"https:\/\/api.w.org\/{rel}","templated":true}]}}