{"id":22,"date":"2025-01-31T17:13:23","date_gmt":"2025-01-31T16:13:23","guid":{"rendered":"https:\/\/www.potuga.com\/comercial\/?page_id=22"},"modified":"2025-09-02T10:12:15","modified_gmt":"2025-09-02T15:12:15","slug":"nosotros","status":"publish","type":"page","link":"https:\/\/www.potuga.com\/comercial\/nosotros\/","title":{"rendered":"Nosotros"},"content":{"rendered":"<\/div><\/div><\/div><!-- close content main div --><\/div><\/div><div id='av_section_1' class='avia-section main_color avia-section-no-padding avia-no-border-styling avia-bg-style-scroll  av-minimum-height av-minimum-height-100 container_wrap sidebar_right'   ><div class='container' ><div class='template-page content  av-content-small alpha units'><div class='post-entry post-entry-type-page post-entry-22'><div class='entry-content-wrapper clearfix'>\n<div class='flex_column_table av-equal-height-column-flextable' style='margin-top:0; margin-bottom:0; '><div class=\"flex_column av_one_half  flex_column_table_cell av-equal-height-column av-align-middle av-zero-column-padding first  \" style='border-radius:0px; '><div class='avia-image-container  av-styling-   avia-align-center '  itemscope=\"itemscope\" itemtype=\"https:\/\/schema.org\/ImageObject\"  ><div class='avia-image-container-inner'><a href='https:\/\/www.potuga.com\/comercial\/wp-content\/uploads\/2025\/01\/potuga-comercial-nosotros-679cf508389d2-1030x706.webp' class='avia_image'  ><img class='avia_image ' src='https:\/\/www.potuga.com\/comercial\/wp-content\/uploads\/2025\/01\/potuga-comercial-nosotros-679cf508389d2.webp' alt='Empresas de Importaci\u00f3n de Productos de Consumo en Panam\u00e1' title='Potuga Comercial - Nosotros'  itemprop=\"thumbnailUrl\"  \/><\/a><\/div><\/div><\/div><div class='av-flex-placeholder'><\/div><div class=\"flex_column av_one_half  flex_column_table_cell av-equal-height-column av-align-middle av-zero-column-padding   \" style='border-radius:0px; '><p><div style='padding-bottom:10px;' class='av-special-heading av-special-heading-h1    '><h1 class='av-special-heading-tag'  itemprop=\"headline\"  >Nuestra Historia<\/h1><div class='special-heading-border'><div class='special-heading-inner-border' ><\/div><\/div><\/div><br \/>\n<section class=\"av_textblock_section\"  itemscope=\"itemscope\" itemtype=\"https:\/\/schema.org\/CreativeWork\" ><div class='avia_textblock '   itemprop=\"text\" ><p>Potuga comercial es una empresa hermana de Potuga Fruit Company, S.A. empresa dedicada a la exportaci\u00f3n de sandias a nivel mundial.<\/p>\n<p>Potuga comercial nace de la necesidad y deseo de tener un mejor control y manejo de los productos\/insumos que se necesitan para realizar una siembra adecuada de la sandia de Potuga Fruit Co.<\/p>\n<p>Adicionalmente nos hemos expandido a la importaci\u00f3n de productos de consumo alimenticio, cuidado de canchas de golf e insumos para la exportaci\u00f3n de caf\u00e9 con excelentes cualidades para el mercado paname\u00f1o.<\/p>\n<\/div><\/section><\/p><\/div><\/div><!--close column table wrapper. Autoclose:  --><\/div><\/div><\/div><!-- close content main div --><\/div><\/div><div id='after_section_1' class='main_color av_default_container_wrap container_wrap sidebar_right'   ><div class='container' ><div class='template-page content  av-content-small alpha units'><div class='post-entry post-entry-type-page post-entry-22'><div class='entry-content-wrapper clearfix'>\n","protected":false},"excerpt":{"rendered":"","protected":false},"author":1,"featured_media":24,"parent":0,"menu_order":0,"comment_status":"closed","ping_status":"closed","template":"","meta":{"footnotes":""},"class_list":["post-22","page","type-page","status-publish","has-post-thumbnail","hentry"],"yoast_head":"<!-- This site is optimized with the Yoast SEO plugin v27.1.1 - https:\/\/yoast.com\/product\/yoast-seo-wordpress\/ -->\n<title>Empresas de Importaci\u00f3n de Productos de Consumo en Panam\u00e1<\/title>\n<meta name=\"description\" content=\"Nos hemos expandido a la importaci\u00f3n de productos de consumo alimenticio, cuidado de canchas de golf e insumos para la exportaci\u00f3n de caf\u00e9\" \/>\n<meta name=\"robots\" content=\"index, follow, max-snippet:-1, max-image-preview:large, max-video-preview:-1\" \/>\n<link rel=\"canonical\" href=\"https:\/\/www.potuga.com\/comercial\/nosotros\/\" \/>\n<meta property=\"og:locale\" content=\"es_ES\" \/>\n<meta property=\"og:type\" content=\"article\" \/>\n<meta property=\"og:title\" content=\"Empresas de Importaci\u00f3n de Productos de Consumo en Panam\u00e1\" \/>\n<meta property=\"og:description\" content=\"Nos hemos expandido a la importaci\u00f3n de productos de consumo alimenticio, cuidado de canchas de golf e insumos para la exportaci\u00f3n de caf\u00e9\" \/>\n<meta property=\"og:url\" content=\"https:\/\/www.potuga.com\/comercial\/nosotros\/\" \/>\n<meta property=\"og:site_name\" content=\"Potuga Comercial\" \/>\n<meta property=\"article:modified_time\" content=\"2025-09-02T15:12:15+00:00\" \/>\n<meta property=\"og:image\" content=\"https:\/\/www.potuga.com\/comercial\/wp-content\/uploads\/2025\/01\/potuga-comercial-nosotros-679cf508389d2.webp\" \/>\n\t<meta property=\"og:image:width\" content=\"1200\" \/>\n\t<meta property=\"og:image:height\" content=\"823\" \/>\n\t<meta property=\"og:image:type\" content=\"image\/webp\" \/>\n<meta name=\"twitter:card\" content=\"summary_large_image\" \/>\n<meta name=\"twitter:label1\" content=\"Tiempo de lectura\" \/>\n\t<meta name=\"twitter:data1\" content=\"2 minutos\" \/>\n<script type=\"application\/ld+json\" class=\"yoast-schema-graph\">{\"@context\":\"https:\/\/schema.org\",\"@graph\":[{\"@type\":\"WebPage\",\"@id\":\"https:\/\/www.potuga.com\/comercial\/nosotros\/\",\"url\":\"https:\/\/www.potuga.com\/comercial\/nosotros\/\",\"name\":\"Empresas de Importaci\u00f3n de Productos de Consumo en Panam\u00e1\",\"isPartOf\":{\"@id\":\"https:\/\/www.potuga.com\/comercial\/#website\"},\"primaryImageOfPage\":{\"@id\":\"https:\/\/www.potuga.com\/comercial\/nosotros\/#primaryimage\"},\"image\":{\"@id\":\"https:\/\/www.potuga.com\/comercial\/nosotros\/#primaryimage\"},\"thumbnailUrl\":\"https:\/\/www.potuga.com\/comercial\/wp-content\/uploads\/2025\/01\/potuga-comercial-nosotros-679cf508389d2.webp\",\"datePublished\":\"2025-01-31T16:13:23+00:00\",\"dateModified\":\"2025-09-02T15:12:15+00:00\",\"description\":\"Nos hemos expandido a la importaci\u00f3n de productos de consumo alimenticio, cuidado de canchas de golf e insumos para la exportaci\u00f3n de caf\u00e9\",\"breadcrumb\":{\"@id\":\"https:\/\/www.potuga.com\/comercial\/nosotros\/#breadcrumb\"},\"inLanguage\":\"es\",\"potentialAction\":[{\"@type\":\"ReadAction\",\"target\":[\"https:\/\/www.potuga.com\/comercial\/nosotros\/\"]}]},{\"@type\":\"ImageObject\",\"inLanguage\":\"es\",\"@id\":\"https:\/\/www.potuga.com\/comercial\/nosotros\/#primaryimage\",\"url\":\"https:\/\/www.potuga.com\/comercial\/wp-content\/uploads\/2025\/01\/potuga-comercial-nosotros-679cf508389d2.webp\",\"contentUrl\":\"https:\/\/www.potuga.com\/comercial\/wp-content\/uploads\/2025\/01\/potuga-comercial-nosotros-679cf508389d2.webp\",\"width\":1200,\"height\":823,\"caption\":\"Empresas de Importaci\u00f3n de Productos de Consumo en Panam\u00e1\"},{\"@type\":\"BreadcrumbList\",\"@id\":\"https:\/\/www.potuga.com\/comercial\/nosotros\/#breadcrumb\",\"itemListElement\":[{\"@type\":\"ListItem\",\"position\":1,\"name\":\"Portada\",\"item\":\"https:\/\/www.potuga.com\/comercial\/inicio\/\"},{\"@type\":\"ListItem\",\"position\":2,\"name\":\"Nosotros\"}]},{\"@type\":\"WebSite\",\"@id\":\"https:\/\/www.potuga.com\/comercial\/#website\",\"url\":\"https:\/\/www.potuga.com\/comercial\/\",\"name\":\"Potuga Comercial\",\"description\":\"\",\"publisher\":{\"@id\":\"https:\/\/www.potuga.com\/comercial\/#organization\"},\"potentialAction\":[{\"@type\":\"SearchAction\",\"target\":{\"@type\":\"EntryPoint\",\"urlTemplate\":\"https:\/\/www.potuga.com\/comercial\/?s={search_term_string}\"},\"query-input\":{\"@type\":\"PropertyValueSpecification\",\"valueRequired\":true,\"valueName\":\"search_term_string\"}}],\"inLanguage\":\"es\"},{\"@type\":\"Organization\",\"@id\":\"https:\/\/www.potuga.com\/comercial\/#organization\",\"name\":\"Potuga Comercial\",\"url\":\"https:\/\/www.potuga.com\/comercial\/\",\"logo\":{\"@type\":\"ImageObject\",\"inLanguage\":\"es\",\"@id\":\"https:\/\/www.potuga.com\/comercial\/#\/schema\/logo\/image\/\",\"url\":\"https:\/\/www.potuga.com\/comercial\/wp-content\/uploads\/2025\/01\/potuga-comercial-679ce61f38066.webp\",\"contentUrl\":\"https:\/\/www.potuga.com\/comercial\/wp-content\/uploads\/2025\/01\/potuga-comercial-679ce61f38066.webp\",\"width\":1118,\"height\":294,\"caption\":\"Potuga Comercial\"},\"image\":{\"@id\":\"https:\/\/www.potuga.com\/comercial\/#\/schema\/logo\/image\/\"}}]}<\/script>\n<!-- \/ Yoast SEO plugin. -->","yoast_head_json":{"title":"Empresas de Importaci\u00f3n de Productos de Consumo en Panam\u00e1","description":"Nos hemos expandido a la importaci\u00f3n de productos de consumo alimenticio, cuidado de canchas de golf e insumos para la exportaci\u00f3n de caf\u00e9","robots":{"index":"index","follow":"follow","max-snippet":"max-snippet:-1","max-image-preview":"max-image-preview:large","max-video-preview":"max-video-preview:-1"},"canonical":"https:\/\/www.potuga.com\/comercial\/nosotros\/","og_locale":"es_ES","og_type":"article","og_title":"Empresas de Importaci\u00f3n de Productos de Consumo en Panam\u00e1","og_description":"Nos hemos expandido a la importaci\u00f3n de productos de consumo alimenticio, cuidado de canchas de golf e insumos para la exportaci\u00f3n de caf\u00e9","og_url":"https:\/\/www.potuga.com\/comercial\/nosotros\/","og_site_name":"Potuga Comercial","article_modified_time":"2025-09-02T15:12:15+00:00","og_image":[{"width":1200,"height":823,"url":"https:\/\/www.potuga.com\/comercial\/wp-content\/uploads\/2025\/01\/potuga-comercial-nosotros-679cf508389d2.webp","type":"image\/webp"}],"twitter_card":"summary_large_image","twitter_misc":{"Tiempo de lectura":"2 minutos"},"schema":{"@context":"https:\/\/schema.org","@graph":[{"@type":"WebPage","@id":"https:\/\/www.potuga.com\/comercial\/nosotros\/","url":"https:\/\/www.potuga.com\/comercial\/nosotros\/","name":"Empresas de Importaci\u00f3n de Productos de Consumo en Panam\u00e1","isPartOf":{"@id":"https:\/\/www.potuga.com\/comercial\/#website"},"primaryImageOfPage":{"@id":"https:\/\/www.potuga.com\/comercial\/nosotros\/#primaryimage"},"image":{"@id":"https:\/\/www.potuga.com\/comercial\/nosotros\/#primaryimage"},"thumbnailUrl":"https:\/\/www.potuga.com\/comercial\/wp-content\/uploads\/2025\/01\/potuga-comercial-nosotros-679cf508389d2.webp","datePublished":"2025-01-31T16:13:23+00:00","dateModified":"2025-09-02T15:12:15+00:00","description":"Nos hemos expandido a la importaci\u00f3n de productos de consumo alimenticio, cuidado de canchas de golf e insumos para la exportaci\u00f3n de caf\u00e9","breadcrumb":{"@id":"https:\/\/www.potuga.com\/comercial\/nosotros\/#breadcrumb"},"inLanguage":"es","potentialAction":[{"@type":"ReadAction","target":["https:\/\/www.potuga.com\/comercial\/nosotros\/"]}]},{"@type":"ImageObject","inLanguage":"es","@id":"https:\/\/www.potuga.com\/comercial\/nosotros\/#primaryimage","url":"https:\/\/www.potuga.com\/comercial\/wp-content\/uploads\/2025\/01\/potuga-comercial-nosotros-679cf508389d2.webp","contentUrl":"https:\/\/www.potuga.com\/comercial\/wp-content\/uploads\/2025\/01\/potuga-comercial-nosotros-679cf508389d2.webp","width":1200,"height":823,"caption":"Empresas de Importaci\u00f3n de Productos de Consumo en Panam\u00e1"},{"@type":"BreadcrumbList","@id":"https:\/\/www.potuga.com\/comercial\/nosotros\/#breadcrumb","itemListElement":[{"@type":"ListItem","position":1,"name":"Portada","item":"https:\/\/www.potuga.com\/comercial\/inicio\/"},{"@type":"ListItem","position":2,"name":"Nosotros"}]},{"@type":"WebSite","@id":"https:\/\/www.potuga.com\/comercial\/#website","url":"https:\/\/www.potuga.com\/comercial\/","name":"Potuga Comercial","description":"","publisher":{"@id":"https:\/\/www.potuga.com\/comercial\/#organization"},"potentialAction":[{"@type":"SearchAction","target":{"@type":"EntryPoint","urlTemplate":"https:\/\/www.potuga.com\/comercial\/?s={search_term_string}"},"query-input":{"@type":"PropertyValueSpecification","valueRequired":true,"valueName":"search_term_string"}}],"inLanguage":"es"},{"@type":"Organization","@id":"https:\/\/www.potuga.com\/comercial\/#organization","name":"Potuga Comercial","url":"https:\/\/www.potuga.com\/comercial\/","logo":{"@type":"ImageObject","inLanguage":"es","@id":"https:\/\/www.potuga.com\/comercial\/#\/schema\/logo\/image\/","url":"https:\/\/www.potuga.com\/comercial\/wp-content\/uploads\/2025\/01\/potuga-comercial-679ce61f38066.webp","contentUrl":"https:\/\/www.potuga.com\/comercial\/wp-content\/uploads\/2025\/01\/potuga-comercial-679ce61f38066.webp","width":1118,"height":294,"caption":"Potuga Comercial"},"image":{"@id":"https:\/\/www.potuga.com\/comercial\/#\/schema\/logo\/image\/"}}]}},"_links":{"self":[{"href":"https:\/\/www.potuga.com\/comercial\/wp-json\/wp\/v2\/pages\/22","targetHints":{"allow":["GET"]}}],"collection":[{"href":"https:\/\/www.potuga.com\/comercial\/wp-json\/wp\/v2\/pages"}],"about":[{"href":"https:\/\/www.potuga.com\/comercial\/wp-json\/wp\/v2\/types\/page"}],"author":[{"embeddable":true,"href":"https:\/\/www.potuga.com\/comercial\/wp-json\/wp\/v2\/users\/1"}],"replies":[{"embeddable":true,"href":"https:\/\/www.potuga.com\/comercial\/wp-json\/wp\/v2\/comments?post=22"}],"version-history":[{"count":17,"href":"https:\/\/www.potuga.com\/comercial\/wp-json\/wp\/v2\/pages\/22\/revisions"}],"predecessor-version":[{"id":551,"href":"https:\/\/www.potuga.com\/comercial\/wp-json\/wp\/v2\/pages\/22\/revisions\/551"}],"wp:featuredmedia":[{"embeddable":true,"href":"https:\/\/www.potuga.com\/comercial\/wp-json\/wp\/v2\/media\/24"}],"wp:attachment":[{"href":"https:\/\/www.potuga.com\/comercial\/wp-json\/wp\/v2\/media?parent=22"}],"curies":[{"name":"wp","href":"https:\/\/api.w.org\/{rel}","templated":true}]}}