{"id":326,"date":"2025-02-05T16:05:28","date_gmt":"2025-02-05T15:05:28","guid":{"rendered":"https:\/\/www.potuga.com\/comercial\/?page_id=326"},"modified":"2025-08-18T13:04:28","modified_gmt":"2025-08-18T18:04:28","slug":"contacto","status":"publish","type":"page","link":"https:\/\/www.potuga.com\/comercial\/contacto\/","title":{"rendered":"Contacto"},"content":{"rendered":"<\/div><\/div><\/div><!-- close content main div --><\/div><\/div><div id='av_section_1' class='avia-section main_color avia-section-default avia-no-border-styling avia-bg-style-scroll  container_wrap sidebar_right'   ><div class='container' ><div class='template-page content  av-content-small alpha units'><div class='post-entry post-entry-type-page post-entry-326'><div class='entry-content-wrapper clearfix'>\n<div class=\"flex_column av_one_half  flex_column_div av-zero-column-padding first  \" style='border-radius:0px; '><p><div style='padding-bottom:10px;' class='av-special-heading av-special-heading-h1    '><h1 class='av-special-heading-tag'  itemprop=\"headline\"  >Contacto<\/h1><div class='special-heading-border'><div class='special-heading-inner-border' ><\/div><\/div><\/div><br \/>\n<div class='avia-icon-list-container '><ul class='avia-icon-list avia-icon-list-left av-iconlist-big avia_animate_when_almost_visible'>\n<li><div  class='iconlist_icon  avia-font-entypo-fontello'><span class='iconlist-char' aria-hidden='true' data-av_icon='\ue805' data-av_iconfont='entypo-fontello'><\/span><\/div><article class=\"article-icon-entry \"  itemscope=\"itemscope\" itemtype=\"https:\/\/schema.org\/CreativeWork\" ><div class='iconlist_content_wrap'><header class=\"entry-content-header\"><h2 class='av_iconlist_title iconlist_title '  itemprop=\"headline\"  >Contabilidad<\/h2><\/header><div class='iconlist_content '  itemprop=\"text\"  ><p>contabilidad@potuga.com<\/p>\n<\/div><\/div><footer class=\"entry-footer\"><\/footer><\/article><div class='iconlist-timeline'><\/div><\/li>\n<li><div  class='iconlist_icon  avia-font-entypo-fontello'><span class='iconlist-char' aria-hidden='true' data-av_icon='\ue805' data-av_iconfont='entypo-fontello'><\/span><\/div><article class=\"article-icon-entry \"  itemscope=\"itemscope\" itemtype=\"https:\/\/schema.org\/CreativeWork\" ><div class='iconlist_content_wrap'><header class=\"entry-content-header\"><h2 class='av_iconlist_title iconlist_title '  itemprop=\"headline\"  >Ventas<\/h2><\/header><div class='iconlist_content '  itemprop=\"text\"  ><p>jacinto@potuga.com<\/p>\n<\/div><\/div><footer class=\"entry-footer\"><\/footer><\/article><div class='iconlist-timeline'><\/div><\/li>\n<li><div  class='iconlist_icon  avia-font-entypo-fontello'><span class='iconlist-char' aria-hidden='true' data-av_icon='\ue805' data-av_iconfont='entypo-fontello'><\/span><\/div><article class=\"article-icon-entry \"  itemscope=\"itemscope\" itemtype=\"https:\/\/schema.org\/CreativeWork\" ><div class='iconlist_content_wrap'><header class=\"entry-content-header\"><h2 class='av_iconlist_title iconlist_title '  itemprop=\"headline\"  >Gerencia<\/h2><\/header><div class='iconlist_content '  itemprop=\"text\"  ><p>carlos@potuga.com<\/p>\n<\/div><\/div><footer class=\"entry-footer\"><\/footer><\/article><div class='iconlist-timeline'><\/div><\/li>\n<\/ul><\/div><br \/>\n<section class=\"av_textblock_section\"  itemscope=\"itemscope\" itemtype=\"https:\/\/schema.org\/CreativeWork\" ><div class='avia_textblock '   itemprop=\"text\" ><p>Plaza Real, local No. 10<br \/>\nDavid, Chiriqu\u00ed.<br \/>\nTel\u00e9fonos de contacto: (507) 775-0758 \/ (507) 775-3601<br \/>\nCelular Ventas: (507) 6672-2453<\/p>\n<\/div><\/section><\/p><\/div><div class=\"flex_column av_one_half  flex_column_div av-zero-column-padding   \" style='border-radius:0px; '><section class=\"avia_codeblock_section avia_code_block_0\"  itemscope=\"itemscope\" itemtype=\"https:\/\/schema.org\/CreativeWork\" ><div class='avia_codeblock '  itemprop=\"text\" > [avia_codeblock_placeholder uid=\"0\"] <\/div><\/section><\/div><\/div><\/div><\/div><!-- close content main div --><\/div><\/div><div id='after_section_1' class='main_color av_default_container_wrap container_wrap sidebar_right'   ><div class='container' ><div class='template-page content  av-content-small alpha units'><div class='post-entry post-entry-type-page post-entry-326'><div class='entry-content-wrapper clearfix'><div id='av_gmap_1' class='avia-google-map-container' data-mapid='1' style='height: 500px;'><\/div><\/p>\n","protected":false},"excerpt":{"rendered":"","protected":false},"author":1,"featured_media":366,"parent":0,"menu_order":0,"comment_status":"closed","ping_status":"closed","template":"","meta":{"footnotes":""},"class_list":["post-326","page","type-page","status-publish","has-post-thumbnail","hentry"],"yoast_head":"<!-- This site is optimized with the Yoast SEO plugin v27.1.1 - https:\/\/yoast.com\/product\/yoast-seo-wordpress\/ -->\n<title>Contacto a Empresas Importadoras de Productos en Panam\u00e1<\/title>\n<meta name=\"description\" content=\"Localizados en Plaza Real, local No. 10. David, Chiriqu\u00ed, cont\u00e1ctenos y obtenga m\u00e1s informaci\u00f3n sobre nuestras soluciones\" \/>\n<meta name=\"robots\" content=\"index, follow, max-snippet:-1, max-image-preview:large, max-video-preview:-1\" \/>\n<link rel=\"canonical\" href=\"https:\/\/www.potuga.com\/comercial\/contacto\/\" \/>\n<meta property=\"og:locale\" content=\"es_ES\" \/>\n<meta property=\"og:type\" content=\"article\" \/>\n<meta property=\"og:title\" content=\"Contacto a Empresas Importadoras de Productos en Panam\u00e1\" \/>\n<meta property=\"og:description\" content=\"Localizados en Plaza Real, local No. 10. David, Chiriqu\u00ed, cont\u00e1ctenos y obtenga m\u00e1s informaci\u00f3n sobre nuestras soluciones\" \/>\n<meta property=\"og:url\" content=\"https:\/\/www.potuga.com\/comercial\/contacto\/\" \/>\n<meta property=\"og:site_name\" content=\"Potuga Comercial\" \/>\n<meta property=\"article:modified_time\" content=\"2025-08-18T18:04:28+00:00\" \/>\n<meta property=\"og:image\" content=\"https:\/\/www.potuga.com\/comercial\/wp-content\/uploads\/2025\/02\/contacto-67a62340f259e.webp\" \/>\n\t<meta property=\"og:image:width\" content=\"1024\" \/>\n\t<meta property=\"og:image:height\" content=\"683\" \/>\n\t<meta property=\"og:image:type\" content=\"image\/webp\" \/>\n<meta name=\"twitter:card\" content=\"summary_large_image\" \/>\n<meta name=\"twitter:label1\" content=\"Tiempo de lectura\" \/>\n\t<meta name=\"twitter:data1\" content=\"1 minuto\" \/>\n<script type=\"application\/ld+json\" class=\"yoast-schema-graph\">{\"@context\":\"https:\/\/schema.org\",\"@graph\":[{\"@type\":\"WebPage\",\"@id\":\"https:\/\/www.potuga.com\/comercial\/contacto\/\",\"url\":\"https:\/\/www.potuga.com\/comercial\/contacto\/\",\"name\":\"Contacto a Empresas Importadoras de Productos en Panam\u00e1\",\"isPartOf\":{\"@id\":\"https:\/\/www.potuga.com\/comercial\/#website\"},\"primaryImageOfPage\":{\"@id\":\"https:\/\/www.potuga.com\/comercial\/contacto\/#primaryimage\"},\"image\":{\"@id\":\"https:\/\/www.potuga.com\/comercial\/contacto\/#primaryimage\"},\"thumbnailUrl\":\"https:\/\/www.potuga.com\/comercial\/wp-content\/uploads\/2025\/02\/contacto-67a62340f259e.webp\",\"datePublished\":\"2025-02-05T15:05:28+00:00\",\"dateModified\":\"2025-08-18T18:04:28+00:00\",\"description\":\"Localizados en Plaza Real, local No. 10. David, Chiriqu\u00ed, cont\u00e1ctenos y obtenga m\u00e1s informaci\u00f3n sobre nuestras soluciones\",\"breadcrumb\":{\"@id\":\"https:\/\/www.potuga.com\/comercial\/contacto\/#breadcrumb\"},\"inLanguage\":\"es\",\"potentialAction\":[{\"@type\":\"ReadAction\",\"target\":[\"https:\/\/www.potuga.com\/comercial\/contacto\/\"]}]},{\"@type\":\"ImageObject\",\"inLanguage\":\"es\",\"@id\":\"https:\/\/www.potuga.com\/comercial\/contacto\/#primaryimage\",\"url\":\"https:\/\/www.potuga.com\/comercial\/wp-content\/uploads\/2025\/02\/contacto-67a62340f259e.webp\",\"contentUrl\":\"https:\/\/www.potuga.com\/comercial\/wp-content\/uploads\/2025\/02\/contacto-67a62340f259e.webp\",\"width\":1024,\"height\":683,\"caption\":\"Contacto a Empresas Importadoras de Productos en Panam\u00e1\"},{\"@type\":\"BreadcrumbList\",\"@id\":\"https:\/\/www.potuga.com\/comercial\/contacto\/#breadcrumb\",\"itemListElement\":[{\"@type\":\"ListItem\",\"position\":1,\"name\":\"Portada\",\"item\":\"https:\/\/www.potuga.com\/comercial\/inicio\/\"},{\"@type\":\"ListItem\",\"position\":2,\"name\":\"Contacto\"}]},{\"@type\":\"WebSite\",\"@id\":\"https:\/\/www.potuga.com\/comercial\/#website\",\"url\":\"https:\/\/www.potuga.com\/comercial\/\",\"name\":\"Potuga Comercial\",\"description\":\"\",\"publisher\":{\"@id\":\"https:\/\/www.potuga.com\/comercial\/#organization\"},\"potentialAction\":[{\"@type\":\"SearchAction\",\"target\":{\"@type\":\"EntryPoint\",\"urlTemplate\":\"https:\/\/www.potuga.com\/comercial\/?s={search_term_string}\"},\"query-input\":{\"@type\":\"PropertyValueSpecification\",\"valueRequired\":true,\"valueName\":\"search_term_string\"}}],\"inLanguage\":\"es\"},{\"@type\":\"Organization\",\"@id\":\"https:\/\/www.potuga.com\/comercial\/#organization\",\"name\":\"Potuga Comercial\",\"url\":\"https:\/\/www.potuga.com\/comercial\/\",\"logo\":{\"@type\":\"ImageObject\",\"inLanguage\":\"es\",\"@id\":\"https:\/\/www.potuga.com\/comercial\/#\/schema\/logo\/image\/\",\"url\":\"https:\/\/www.potuga.com\/comercial\/wp-content\/uploads\/2025\/01\/potuga-comercial-679ce61f38066.webp\",\"contentUrl\":\"https:\/\/www.potuga.com\/comercial\/wp-content\/uploads\/2025\/01\/potuga-comercial-679ce61f38066.webp\",\"width\":1118,\"height\":294,\"caption\":\"Potuga Comercial\"},\"image\":{\"@id\":\"https:\/\/www.potuga.com\/comercial\/#\/schema\/logo\/image\/\"}}]}<\/script>\n<!-- \/ Yoast SEO plugin. -->","yoast_head_json":{"title":"Contacto a Empresas Importadoras de Productos en Panam\u00e1","description":"Localizados en Plaza Real, local No. 10. David, Chiriqu\u00ed, cont\u00e1ctenos y obtenga m\u00e1s informaci\u00f3n sobre nuestras soluciones","robots":{"index":"index","follow":"follow","max-snippet":"max-snippet:-1","max-image-preview":"max-image-preview:large","max-video-preview":"max-video-preview:-1"},"canonical":"https:\/\/www.potuga.com\/comercial\/contacto\/","og_locale":"es_ES","og_type":"article","og_title":"Contacto a Empresas Importadoras de Productos en Panam\u00e1","og_description":"Localizados en Plaza Real, local No. 10. David, Chiriqu\u00ed, cont\u00e1ctenos y obtenga m\u00e1s informaci\u00f3n sobre nuestras soluciones","og_url":"https:\/\/www.potuga.com\/comercial\/contacto\/","og_site_name":"Potuga Comercial","article_modified_time":"2025-08-18T18:04:28+00:00","og_image":[{"width":1024,"height":683,"url":"https:\/\/www.potuga.com\/comercial\/wp-content\/uploads\/2025\/02\/contacto-67a62340f259e.webp","type":"image\/webp"}],"twitter_card":"summary_large_image","twitter_misc":{"Tiempo de lectura":"1 minuto"},"schema":{"@context":"https:\/\/schema.org","@graph":[{"@type":"WebPage","@id":"https:\/\/www.potuga.com\/comercial\/contacto\/","url":"https:\/\/www.potuga.com\/comercial\/contacto\/","name":"Contacto a Empresas Importadoras de Productos en Panam\u00e1","isPartOf":{"@id":"https:\/\/www.potuga.com\/comercial\/#website"},"primaryImageOfPage":{"@id":"https:\/\/www.potuga.com\/comercial\/contacto\/#primaryimage"},"image":{"@id":"https:\/\/www.potuga.com\/comercial\/contacto\/#primaryimage"},"thumbnailUrl":"https:\/\/www.potuga.com\/comercial\/wp-content\/uploads\/2025\/02\/contacto-67a62340f259e.webp","datePublished":"2025-02-05T15:05:28+00:00","dateModified":"2025-08-18T18:04:28+00:00","description":"Localizados en Plaza Real, local No. 10. David, Chiriqu\u00ed, cont\u00e1ctenos y obtenga m\u00e1s informaci\u00f3n sobre nuestras soluciones","breadcrumb":{"@id":"https:\/\/www.potuga.com\/comercial\/contacto\/#breadcrumb"},"inLanguage":"es","potentialAction":[{"@type":"ReadAction","target":["https:\/\/www.potuga.com\/comercial\/contacto\/"]}]},{"@type":"ImageObject","inLanguage":"es","@id":"https:\/\/www.potuga.com\/comercial\/contacto\/#primaryimage","url":"https:\/\/www.potuga.com\/comercial\/wp-content\/uploads\/2025\/02\/contacto-67a62340f259e.webp","contentUrl":"https:\/\/www.potuga.com\/comercial\/wp-content\/uploads\/2025\/02\/contacto-67a62340f259e.webp","width":1024,"height":683,"caption":"Contacto a Empresas Importadoras de Productos en Panam\u00e1"},{"@type":"BreadcrumbList","@id":"https:\/\/www.potuga.com\/comercial\/contacto\/#breadcrumb","itemListElement":[{"@type":"ListItem","position":1,"name":"Portada","item":"https:\/\/www.potuga.com\/comercial\/inicio\/"},{"@type":"ListItem","position":2,"name":"Contacto"}]},{"@type":"WebSite","@id":"https:\/\/www.potuga.com\/comercial\/#website","url":"https:\/\/www.potuga.com\/comercial\/","name":"Potuga Comercial","description":"","publisher":{"@id":"https:\/\/www.potuga.com\/comercial\/#organization"},"potentialAction":[{"@type":"SearchAction","target":{"@type":"EntryPoint","urlTemplate":"https:\/\/www.potuga.com\/comercial\/?s={search_term_string}"},"query-input":{"@type":"PropertyValueSpecification","valueRequired":true,"valueName":"search_term_string"}}],"inLanguage":"es"},{"@type":"Organization","@id":"https:\/\/www.potuga.com\/comercial\/#organization","name":"Potuga Comercial","url":"https:\/\/www.potuga.com\/comercial\/","logo":{"@type":"ImageObject","inLanguage":"es","@id":"https:\/\/www.potuga.com\/comercial\/#\/schema\/logo\/image\/","url":"https:\/\/www.potuga.com\/comercial\/wp-content\/uploads\/2025\/01\/potuga-comercial-679ce61f38066.webp","contentUrl":"https:\/\/www.potuga.com\/comercial\/wp-content\/uploads\/2025\/01\/potuga-comercial-679ce61f38066.webp","width":1118,"height":294,"caption":"Potuga Comercial"},"image":{"@id":"https:\/\/www.potuga.com\/comercial\/#\/schema\/logo\/image\/"}}]}},"_links":{"self":[{"href":"https:\/\/www.potuga.com\/comercial\/wp-json\/wp\/v2\/pages\/326","targetHints":{"allow":["GET"]}}],"collection":[{"href":"https:\/\/www.potuga.com\/comercial\/wp-json\/wp\/v2\/pages"}],"about":[{"href":"https:\/\/www.potuga.com\/comercial\/wp-json\/wp\/v2\/types\/page"}],"author":[{"embeddable":true,"href":"https:\/\/www.potuga.com\/comercial\/wp-json\/wp\/v2\/users\/1"}],"replies":[{"embeddable":true,"href":"https:\/\/www.potuga.com\/comercial\/wp-json\/wp\/v2\/comments?post=326"}],"version-history":[{"count":12,"href":"https:\/\/www.potuga.com\/comercial\/wp-json\/wp\/v2\/pages\/326\/revisions"}],"predecessor-version":[{"id":546,"href":"https:\/\/www.potuga.com\/comercial\/wp-json\/wp\/v2\/pages\/326\/revisions\/546"}],"wp:featuredmedia":[{"embeddable":true,"href":"https:\/\/www.potuga.com\/comercial\/wp-json\/wp\/v2\/media\/366"}],"wp:attachment":[{"href":"https:\/\/www.potuga.com\/comercial\/wp-json\/wp\/v2\/media?parent=326"}],"curies":[{"name":"wp","href":"https:\/\/api.w.org\/{rel}","templated":true}]}}