{"id":36,"date":"2025-01-31T18:03:57","date_gmt":"2025-01-31T17:03:57","guid":{"rendered":"https:\/\/www.potuga.com\/comercial\/?page_id=36"},"modified":"2025-03-21T10:49:43","modified_gmt":"2025-03-21T15:49:43","slug":"productos","status":"publish","type":"page","link":"https:\/\/www.potuga.com\/comercial\/productos\/","title":{"rendered":"Productos"},"content":{"rendered":"<\/div><\/div><\/div><!-- close content main div --><\/div><\/div><div id='secciones' class='avia-section main_color avia-section-no-padding avia-no-border-styling avia-bg-style-scroll  av-minimum-height av-minimum-height-100 container_wrap sidebar_right'   ><div class='container' ><div class='template-page content  av-content-small alpha units'><div class='post-entry post-entry-type-page post-entry-36'><div class='entry-content-wrapper clearfix'>\n<div class=\"flex_column av_one_full  flex_column_div first  \" style='margin-top:0px; margin-bottom:0px; padding:0 0 32px 0 ; border-radius:0px; '><div style='padding-bottom:10px;' class='av-special-heading av-special-heading-h1  blockquote modern-quote modern-centered  '><h1 class='av-special-heading-tag'  itemprop=\"headline\"  >Nuestros Productos<\/h1><div class='special-heading-border'><div class='special-heading-inner-border' ><\/div><\/div><\/div><\/div><div class='flex_column_table av-equal-height-column-flextable' style='margin-top:0px; margin-bottom:0px; '><div class=\"flex_column av_one_fourth  no_margin flex_column_table_cell av-equal-height-column av-align-top first  \" style='padding:20px; background-color:#ffffff; border-radius:0px; '><p><div style='padding-bottom:32px;' class='av-special-heading av-special-heading-h2 meta-heading blockquote modern-quote modern-centered  '><h2 class='av-special-heading-tag'  itemprop=\"headline\"  >Consumo<\/h2><div class='special-heading-border'><div class='special-heading-inner-border' ><\/div><\/div><\/div><br \/>\n<div class='avia-image-container  av-styling-   avia-align-center '  itemscope=\"itemscope\" itemtype=\"https:\/\/schema.org\/ImageObject\"  ><div class='avia-image-container-inner'><a href='\/comercial\/productos\/productos-de-consumo\/' class='avia_image'  ><img class='avia_image ' src='https:\/\/www.potuga.com\/comercial\/wp-content\/uploads\/2025\/01\/logos-274x300.png' alt='Industrias del Ma\u00edz - Conos Victoria - Lam Snacks' title='Industrias del Ma\u00edz - Conos Victoria - Lam Snacks'  itemprop=\"thumbnailUrl\"  \/><\/a><\/div><\/div><br \/>\n<div class='avia-button-wrap avia-button-center '><a href='\/comercial\/productos\/productos-de-consumo\/' class='avia-button  avia-icon_select-yes-left-icon avia-color-theme-color avia-size-medium avia-position-center '   ><span class='avia_button_icon avia_button_icon_left ' aria-hidden='true' data-av_icon='\ue832' data-av_iconfont='entypo-fontello'><\/span><span class='avia_iconbox_title' >Ver M\u00e1s<\/span><\/a><\/div><\/p><\/div><div class=\"flex_column av_one_fourth  no_margin flex_column_table_cell av-equal-height-column av-align-top   \" style='padding:20px; background-color:#ffffff; border-radius:0px; '><p><div style='padding-bottom:32px;' class='av-special-heading av-special-heading-h2 meta-heading blockquote modern-quote modern-centered  '><h2 class='av-special-heading-tag'  itemprop=\"headline\"  >Canchas de Golf<\/h2><div class='special-heading-border'><div class='special-heading-inner-border' ><\/div><\/div><\/div><br \/>\n<div class='avia-image-container  av-styling-   avia-align-center '  itemscope=\"itemscope\" itemtype=\"https:\/\/schema.org\/ImageObject\"  ><div class='avia-image-container-inner'><a href='\/comercial\/productos\/canchas-de-golf\/' class='avia_image'  ><img class='avia_image ' src='https:\/\/www.potuga.com\/comercial\/wp-content\/uploads\/2025\/01\/site-one-679d08b196b54-300x149.webp' alt='Site One' title='Site One'  itemprop=\"thumbnailUrl\"  \/><\/a><\/div><\/div><br \/>\n<div class='avia-button-wrap avia-button-center '><a href='\/comercial\/productos\/canchas-de-golf\/' class='avia-button  avia-icon_select-yes-left-icon avia-color-theme-color avia-size-medium avia-position-center '   ><span class='avia_button_icon avia_button_icon_left ' aria-hidden='true' data-av_icon='\ue832' data-av_iconfont='entypo-fontello'><\/span><span class='avia_iconbox_title' >Ver M\u00e1s<\/span><\/a><\/div><\/p><\/div><div class=\"flex_column av_one_fourth  no_margin flex_column_table_cell av-equal-height-column av-align-top   \" style='padding:20px; background-color:#ffffff; border-radius:0px; '><p><div style='padding-bottom:32px;' class='av-special-heading av-special-heading-h2 meta-heading blockquote modern-quote modern-centered  '><h2 class='av-special-heading-tag'  itemprop=\"headline\"  >Bolsas para Caf\u00e9<\/h2><div class='special-heading-border'><div class='special-heading-inner-border' ><\/div><\/div><\/div><br \/>\n<div class='avia-image-container  av-styling-   avia-align-center '  itemscope=\"itemscope\" itemtype=\"https:\/\/schema.org\/ImageObject\"  ><div class='avia-image-container-inner'><a href='\/comercial\/productos\/bolsas-para-cafe\/' class='avia_image'  ><img class='avia_image ' src='https:\/\/www.potuga.com\/comercial\/wp-content\/uploads\/2025\/01\/ecotact-679d009fd2220.webp' alt='Ecotact' title='Ecotact'  itemprop=\"thumbnailUrl\"  \/><\/a><\/div><\/div><br \/>\n<div class='avia-button-wrap avia-button-center '><a href='\/comercial\/productos\/bolsas-para-cafe\/' class='avia-button  avia-icon_select-yes-left-icon avia-color-theme-color avia-size-medium avia-position-center '   ><span class='avia_button_icon avia_button_icon_left ' aria-hidden='true' data-av_icon='\ue832' data-av_iconfont='entypo-fontello'><\/span><span class='avia_iconbox_title' >Ver M\u00e1s<\/span><\/a><\/div><\/p><\/div><div class=\"flex_column av_one_fourth  no_margin flex_column_table_cell av-equal-height-column av-align-top   \" style='padding:20px; background-color:#ffffff; border-radius:0px; '><p><div style='padding-bottom:32px;' class='av-special-heading av-special-heading-h2 meta-heading blockquote modern-quote modern-centered  '><h2 class='av-special-heading-tag'  itemprop=\"headline\"  >Sustrato<\/h2><div class='special-heading-border'><div class='special-heading-inner-border' ><\/div><\/div><\/div><br \/>\n<div class='avia-image-container  av-styling-   avia-align-center '  itemscope=\"itemscope\" itemtype=\"https:\/\/schema.org\/ImageObject\"  ><div class='avia-image-container-inner'><a href='\/comercial\/productos\/sustrato\/' class='avia_image'  ><img class='avia_image ' src='https:\/\/www.potuga.com\/comercial\/wp-content\/uploads\/2025\/01\/klasmann-679d009fd2090.webp' alt='Productos Klasmann en Panam\u00e1' title='Productos Klasmann en Panam\u00e1'  itemprop=\"thumbnailUrl\"  \/><\/a><\/div><\/div><br \/>\n<div class='avia-button-wrap avia-button-center '><a href='\/comercial\/productos\/sustrato\/' class='avia-button  avia-icon_select-yes-left-icon avia-color-theme-color avia-size-medium avia-position-center '   ><span class='avia_button_icon avia_button_icon_left ' aria-hidden='true' data-av_icon='\ue832' data-av_iconfont='entypo-fontello'><\/span><span class='avia_iconbox_title' >Ver M\u00e1s<\/span><\/a><\/div><\/p><\/div><\/div><!--close column table wrapper. Autoclose:  --><\/div><\/div><\/div><!-- close content main div --><\/div><\/div><div id='after_section_1' class='main_color av_default_container_wrap container_wrap sidebar_right'   ><div class='container' ><div class='template-page content  av-content-small alpha units'><div class='post-entry post-entry-type-page post-entry-36'><div class='entry-content-wrapper clearfix'>\n","protected":false},"excerpt":{"rendered":"","protected":false},"author":1,"featured_media":397,"parent":0,"menu_order":0,"comment_status":"closed","ping_status":"closed","template":"","meta":{"footnotes":""},"class_list":["post-36","page","type-page","status-publish","has-post-thumbnail","hentry"],"yoast_head":"<!-- This site is optimized with the Yoast SEO plugin v27.1.1 - https:\/\/yoast.com\/product\/yoast-seo-wordpress\/ -->\n<title>Insumos Agr\u00edcolas, Campos de Golf y Snacks en Panam\u00e1<\/title>\n<meta name=\"description\" content=\"Nos hemos expandido a la comercializaci\u00f3n de insumos agr\u00edcolas, campos de golf y snacks y otros productos de consumo para el mercado\" \/>\n<meta name=\"robots\" content=\"index, follow, max-snippet:-1, max-image-preview:large, max-video-preview:-1\" \/>\n<link rel=\"canonical\" href=\"https:\/\/www.potuga.com\/comercial\/productos\/\" \/>\n<meta property=\"og:locale\" content=\"es_ES\" \/>\n<meta property=\"og:type\" content=\"article\" \/>\n<meta property=\"og:title\" content=\"Insumos Agr\u00edcolas, Campos de Golf y Snacks en Panam\u00e1\" \/>\n<meta property=\"og:description\" content=\"Nos hemos expandido a la comercializaci\u00f3n de insumos agr\u00edcolas, campos de golf y snacks y otros productos de consumo para el mercado\" \/>\n<meta property=\"og:url\" content=\"https:\/\/www.potuga.com\/comercial\/productos\/\" \/>\n<meta property=\"og:site_name\" content=\"Potuga Comercial\" \/>\n<meta property=\"article:modified_time\" content=\"2025-03-21T15:49:43+00:00\" \/>\n<meta property=\"og:image\" content=\"https:\/\/www.potuga.com\/comercial\/wp-content\/uploads\/2025\/02\/nosotros-67c1cfe50dece.webp\" \/>\n\t<meta property=\"og:image:width\" content=\"1024\" \/>\n\t<meta property=\"og:image:height\" content=\"683\" \/>\n\t<meta property=\"og:image:type\" content=\"image\/webp\" \/>\n<meta name=\"twitter:card\" content=\"summary_large_image\" \/>\n<meta name=\"twitter:label1\" content=\"Tiempo de lectura\" \/>\n\t<meta name=\"twitter:data1\" content=\"2 minutos\" \/>\n<script type=\"application\/ld+json\" class=\"yoast-schema-graph\">{\"@context\":\"https:\/\/schema.org\",\"@graph\":[{\"@type\":\"WebPage\",\"@id\":\"https:\/\/www.potuga.com\/comercial\/productos\/\",\"url\":\"https:\/\/www.potuga.com\/comercial\/productos\/\",\"name\":\"Insumos Agr\u00edcolas, Campos de Golf y Snacks en Panam\u00e1\",\"isPartOf\":{\"@id\":\"https:\/\/www.potuga.com\/comercial\/#website\"},\"primaryImageOfPage\":{\"@id\":\"https:\/\/www.potuga.com\/comercial\/productos\/#primaryimage\"},\"image\":{\"@id\":\"https:\/\/www.potuga.com\/comercial\/productos\/#primaryimage\"},\"thumbnailUrl\":\"https:\/\/www.potuga.com\/comercial\/wp-content\/uploads\/2025\/02\/nosotros-67c1cfe50dece.webp\",\"datePublished\":\"2025-01-31T17:03:57+00:00\",\"dateModified\":\"2025-03-21T15:49:43+00:00\",\"description\":\"Nos hemos expandido a la comercializaci\u00f3n de insumos agr\u00edcolas, campos de golf y snacks y otros productos de consumo para el mercado\",\"breadcrumb\":{\"@id\":\"https:\/\/www.potuga.com\/comercial\/productos\/#breadcrumb\"},\"inLanguage\":\"es\",\"potentialAction\":[{\"@type\":\"ReadAction\",\"target\":[\"https:\/\/www.potuga.com\/comercial\/productos\/\"]}]},{\"@type\":\"ImageObject\",\"inLanguage\":\"es\",\"@id\":\"https:\/\/www.potuga.com\/comercial\/productos\/#primaryimage\",\"url\":\"https:\/\/www.potuga.com\/comercial\/wp-content\/uploads\/2025\/02\/nosotros-67c1cfe50dece.webp\",\"contentUrl\":\"https:\/\/www.potuga.com\/comercial\/wp-content\/uploads\/2025\/02\/nosotros-67c1cfe50dece.webp\",\"width\":1024,\"height\":683,\"caption\":\"Insumos Agr\u00edcolas, Campos de Golf y Snacks en Panam\u00e1\"},{\"@type\":\"BreadcrumbList\",\"@id\":\"https:\/\/www.potuga.com\/comercial\/productos\/#breadcrumb\",\"itemListElement\":[{\"@type\":\"ListItem\",\"position\":1,\"name\":\"Portada\",\"item\":\"https:\/\/www.potuga.com\/comercial\/inicio\/\"},{\"@type\":\"ListItem\",\"position\":2,\"name\":\"Productos\"}]},{\"@type\":\"WebSite\",\"@id\":\"https:\/\/www.potuga.com\/comercial\/#website\",\"url\":\"https:\/\/www.potuga.com\/comercial\/\",\"name\":\"Potuga Comercial\",\"description\":\"\",\"publisher\":{\"@id\":\"https:\/\/www.potuga.com\/comercial\/#organization\"},\"potentialAction\":[{\"@type\":\"SearchAction\",\"target\":{\"@type\":\"EntryPoint\",\"urlTemplate\":\"https:\/\/www.potuga.com\/comercial\/?s={search_term_string}\"},\"query-input\":{\"@type\":\"PropertyValueSpecification\",\"valueRequired\":true,\"valueName\":\"search_term_string\"}}],\"inLanguage\":\"es\"},{\"@type\":\"Organization\",\"@id\":\"https:\/\/www.potuga.com\/comercial\/#organization\",\"name\":\"Potuga Comercial\",\"url\":\"https:\/\/www.potuga.com\/comercial\/\",\"logo\":{\"@type\":\"ImageObject\",\"inLanguage\":\"es\",\"@id\":\"https:\/\/www.potuga.com\/comercial\/#\/schema\/logo\/image\/\",\"url\":\"https:\/\/www.potuga.com\/comercial\/wp-content\/uploads\/2025\/01\/potuga-comercial-679ce61f38066.webp\",\"contentUrl\":\"https:\/\/www.potuga.com\/comercial\/wp-content\/uploads\/2025\/01\/potuga-comercial-679ce61f38066.webp\",\"width\":1118,\"height\":294,\"caption\":\"Potuga Comercial\"},\"image\":{\"@id\":\"https:\/\/www.potuga.com\/comercial\/#\/schema\/logo\/image\/\"}}]}<\/script>\n<!-- \/ Yoast SEO plugin. -->","yoast_head_json":{"title":"Insumos Agr\u00edcolas, Campos de Golf y Snacks en Panam\u00e1","description":"Nos hemos expandido a la comercializaci\u00f3n de insumos agr\u00edcolas, campos de golf y snacks y otros productos de consumo para el mercado","robots":{"index":"index","follow":"follow","max-snippet":"max-snippet:-1","max-image-preview":"max-image-preview:large","max-video-preview":"max-video-preview:-1"},"canonical":"https:\/\/www.potuga.com\/comercial\/productos\/","og_locale":"es_ES","og_type":"article","og_title":"Insumos Agr\u00edcolas, Campos de Golf y Snacks en Panam\u00e1","og_description":"Nos hemos expandido a la comercializaci\u00f3n de insumos agr\u00edcolas, campos de golf y snacks y otros productos de consumo para el mercado","og_url":"https:\/\/www.potuga.com\/comercial\/productos\/","og_site_name":"Potuga Comercial","article_modified_time":"2025-03-21T15:49:43+00:00","og_image":[{"width":1024,"height":683,"url":"https:\/\/www.potuga.com\/comercial\/wp-content\/uploads\/2025\/02\/nosotros-67c1cfe50dece.webp","type":"image\/webp"}],"twitter_card":"summary_large_image","twitter_misc":{"Tiempo de lectura":"2 minutos"},"schema":{"@context":"https:\/\/schema.org","@graph":[{"@type":"WebPage","@id":"https:\/\/www.potuga.com\/comercial\/productos\/","url":"https:\/\/www.potuga.com\/comercial\/productos\/","name":"Insumos Agr\u00edcolas, Campos de Golf y Snacks en Panam\u00e1","isPartOf":{"@id":"https:\/\/www.potuga.com\/comercial\/#website"},"primaryImageOfPage":{"@id":"https:\/\/www.potuga.com\/comercial\/productos\/#primaryimage"},"image":{"@id":"https:\/\/www.potuga.com\/comercial\/productos\/#primaryimage"},"thumbnailUrl":"https:\/\/www.potuga.com\/comercial\/wp-content\/uploads\/2025\/02\/nosotros-67c1cfe50dece.webp","datePublished":"2025-01-31T17:03:57+00:00","dateModified":"2025-03-21T15:49:43+00:00","description":"Nos hemos expandido a la comercializaci\u00f3n de insumos agr\u00edcolas, campos de golf y snacks y otros productos de consumo para el mercado","breadcrumb":{"@id":"https:\/\/www.potuga.com\/comercial\/productos\/#breadcrumb"},"inLanguage":"es","potentialAction":[{"@type":"ReadAction","target":["https:\/\/www.potuga.com\/comercial\/productos\/"]}]},{"@type":"ImageObject","inLanguage":"es","@id":"https:\/\/www.potuga.com\/comercial\/productos\/#primaryimage","url":"https:\/\/www.potuga.com\/comercial\/wp-content\/uploads\/2025\/02\/nosotros-67c1cfe50dece.webp","contentUrl":"https:\/\/www.potuga.com\/comercial\/wp-content\/uploads\/2025\/02\/nosotros-67c1cfe50dece.webp","width":1024,"height":683,"caption":"Insumos Agr\u00edcolas, Campos de Golf y Snacks en Panam\u00e1"},{"@type":"BreadcrumbList","@id":"https:\/\/www.potuga.com\/comercial\/productos\/#breadcrumb","itemListElement":[{"@type":"ListItem","position":1,"name":"Portada","item":"https:\/\/www.potuga.com\/comercial\/inicio\/"},{"@type":"ListItem","position":2,"name":"Productos"}]},{"@type":"WebSite","@id":"https:\/\/www.potuga.com\/comercial\/#website","url":"https:\/\/www.potuga.com\/comercial\/","name":"Potuga Comercial","description":"","publisher":{"@id":"https:\/\/www.potuga.com\/comercial\/#organization"},"potentialAction":[{"@type":"SearchAction","target":{"@type":"EntryPoint","urlTemplate":"https:\/\/www.potuga.com\/comercial\/?s={search_term_string}"},"query-input":{"@type":"PropertyValueSpecification","valueRequired":true,"valueName":"search_term_string"}}],"inLanguage":"es"},{"@type":"Organization","@id":"https:\/\/www.potuga.com\/comercial\/#organization","name":"Potuga Comercial","url":"https:\/\/www.potuga.com\/comercial\/","logo":{"@type":"ImageObject","inLanguage":"es","@id":"https:\/\/www.potuga.com\/comercial\/#\/schema\/logo\/image\/","url":"https:\/\/www.potuga.com\/comercial\/wp-content\/uploads\/2025\/01\/potuga-comercial-679ce61f38066.webp","contentUrl":"https:\/\/www.potuga.com\/comercial\/wp-content\/uploads\/2025\/01\/potuga-comercial-679ce61f38066.webp","width":1118,"height":294,"caption":"Potuga Comercial"},"image":{"@id":"https:\/\/www.potuga.com\/comercial\/#\/schema\/logo\/image\/"}}]}},"_links":{"self":[{"href":"https:\/\/www.potuga.com\/comercial\/wp-json\/wp\/v2\/pages\/36","targetHints":{"allow":["GET"]}}],"collection":[{"href":"https:\/\/www.potuga.com\/comercial\/wp-json\/wp\/v2\/pages"}],"about":[{"href":"https:\/\/www.potuga.com\/comercial\/wp-json\/wp\/v2\/types\/page"}],"author":[{"embeddable":true,"href":"https:\/\/www.potuga.com\/comercial\/wp-json\/wp\/v2\/users\/1"}],"replies":[{"embeddable":true,"href":"https:\/\/www.potuga.com\/comercial\/wp-json\/wp\/v2\/comments?post=36"}],"version-history":[{"count":40,"href":"https:\/\/www.potuga.com\/comercial\/wp-json\/wp\/v2\/pages\/36\/revisions"}],"predecessor-version":[{"id":525,"href":"https:\/\/www.potuga.com\/comercial\/wp-json\/wp\/v2\/pages\/36\/revisions\/525"}],"wp:featuredmedia":[{"embeddable":true,"href":"https:\/\/www.potuga.com\/comercial\/wp-json\/wp\/v2\/media\/397"}],"wp:attachment":[{"href":"https:\/\/www.potuga.com\/comercial\/wp-json\/wp\/v2\/media?parent=36"}],"curies":[{"name":"wp","href":"https:\/\/api.w.org\/{rel}","templated":true}]}}